{"id":62,"date":"2018-09-25T17:12:02","date_gmt":"2018-09-25T17:12:02","guid":{"rendered":"https:\/\/jupiterx.artbees.net\/dialis\/?page_id=62"},"modified":"2024-07-22T15:39:21","modified_gmt":"2024-07-22T13:39:21","slug":"blog","status":"publish","type":"page","link":"https:\/\/lcmcenter.ro\/en\/blog\/","title":{"rendered":"Blog"},"content":{"rendered":"<div data-elementor-type=\"wp-post\" data-elementor-id=\"62\" class=\"elementor elementor-62\">\n\t\t\t\t\t\t<section class=\"elementor-section elementor-top-section elementor-element elementor-element-b3035fb elementor-section-full_width elementor-section-height-min-height elementor-section-height-default elementor-section-items-middle\" data-id=\"b3035fb\" data-element_type=\"section\" data-settings=\"{&quot;jet_parallax_layout_list&quot;:[{&quot;jet_parallax_layout_image&quot;:{&quot;url&quot;:&quot;&quot;,&quot;id&quot;:&quot;&quot;,&quot;size&quot;:&quot;&quot;},&quot;_id&quot;:&quot;cd92c09&quot;,&quot;jet_parallax_layout_speed&quot;:{&quot;unit&quot;:&quot;%&quot;,&quot;size&quot;:&quot;50&quot;,&quot;sizes&quot;:[]},&quot;jet_parallax_layout_bg_x&quot;:&quot;50&quot;,&quot;jet_parallax_layout_bg_y&quot;:&quot;50&quot;,&quot;jet_parallax_layout_image_tablet&quot;:{&quot;url&quot;:&quot;&quot;,&quot;id&quot;:&quot;&quot;,&quot;size&quot;:&quot;&quot;},&quot;jet_parallax_layout_image_mobile&quot;:{&quot;url&quot;:&quot;&quot;,&quot;id&quot;:&quot;&quot;,&quot;size&quot;:&quot;&quot;},&quot;jet_parallax_layout_type&quot;:&quot;scroll&quot;,&quot;jet_parallax_layout_direction&quot;:null,&quot;jet_parallax_layout_fx_direction&quot;:null,&quot;jet_parallax_layout_z_index&quot;:&quot;&quot;,&quot;jet_parallax_layout_bg_x_tablet&quot;:&quot;&quot;,&quot;jet_parallax_layout_bg_x_mobile&quot;:&quot;&quot;,&quot;jet_parallax_layout_bg_y_tablet&quot;:&quot;&quot;,&quot;jet_parallax_layout_bg_y_mobile&quot;:&quot;&quot;,&quot;jet_parallax_layout_bg_size&quot;:&quot;auto&quot;,&quot;jet_parallax_layout_bg_size_tablet&quot;:&quot;&quot;,&quot;jet_parallax_layout_bg_size_mobile&quot;:&quot;&quot;,&quot;jet_parallax_layout_animation_prop&quot;:&quot;transform&quot;,&quot;jet_parallax_layout_on&quot;:[&quot;desktop&quot;,&quot;tablet&quot;]}],&quot;background_background&quot;:&quot;classic&quot;}\">\n\t\t\t\t\t\t<div class=\"elementor-container elementor-column-gap-default\">\n\t\t\t\t\t<div class=\"elementor-column elementor-col-100 elementor-top-column elementor-element elementor-element-b1d943f\" data-id=\"b1d943f\" data-element_type=\"column\">\n\t\t\t<div class=\"elementor-widget-wrap\">\n\t\t\t\t\t\t\t<\/div>\n\t\t<\/div>\n\t\t\t\t\t<\/div>\n\t\t<\/section>\n\t\t<div class=\"elementor-element elementor-element-cc97778 e-flex e-con-boxed e-con e-parent\" data-id=\"cc97778\" data-element_type=\"container\" data-settings=\"{&quot;background_background&quot;:&quot;classic&quot;,&quot;jet_parallax_layout_list&quot;:[]}\">\n\t\t\t\t\t<div class=\"e-con-inner\">\n\t\t\t\t<div class=\"elementor-element elementor-element-d9dfde5 elementor-widget elementor-widget-heading\" data-id=\"d9dfde5\" data-element_type=\"widget\" data-widget_type=\"heading.default\">\n\t\t\t\t<div class=\"elementor-widget-container\">\n\t\t\t<style>\/*! elementor - v3.23.0 - 15-07-2024 *\/\n.elementor-heading-title{padding:0;margin:0;line-height:1}.elementor-widget-heading .elementor-heading-title[class*=elementor-size-]>a{color:inherit;font-size:inherit;line-height:inherit}.elementor-widget-heading .elementor-heading-title.elementor-size-small{font-size:15px}.elementor-widget-heading .elementor-heading-title.elementor-size-medium{font-size:19px}.elementor-widget-heading .elementor-heading-title.elementor-size-large{font-size:29px}.elementor-widget-heading .elementor-heading-title.elementor-size-xl{font-size:39px}.elementor-widget-heading .elementor-heading-title.elementor-size-xxl{font-size:59px}<\/style><h1 class=\"elementor-heading-title elementor-size-default\">BLOG<\/h1>\t\t<\/div>\n\t\t\t\t<\/div>\n\t\t\t\t<div class=\"elementor-element elementor-element-50c2480 elementor-widget elementor-widget-text-editor\" data-id=\"50c2480\" data-element_type=\"widget\" data-widget_type=\"text-editor.default\">\n\t\t\t\t<div class=\"elementor-widget-container\">\n\t\t\t<style>\/*! elementor - v3.23.0 - 15-07-2024 *\/\n.elementor-widget-text-editor.elementor-drop-cap-view-stacked .elementor-drop-cap{background-color:#69727d;color:#fff}.elementor-widget-text-editor.elementor-drop-cap-view-framed .elementor-drop-cap{color:#69727d;border:3px solid;background-color:transparent}.elementor-widget-text-editor:not(.elementor-drop-cap-view-default) .elementor-drop-cap{margin-top:8px}.elementor-widget-text-editor:not(.elementor-drop-cap-view-default) .elementor-drop-cap-letter{width:1em;height:1em}.elementor-widget-text-editor .elementor-drop-cap{float:left;text-align:center;line-height:1;font-size:50px}.elementor-widget-text-editor .elementor-drop-cap-letter{display:inline-block}<\/style>\t\t\t\t<p>We are delighted to welcome you to <a href=\"https:\/\/lcmcenter.ro\" target=\"_blank\" rel=\"noopener\">our blog<\/a>, the virtual space where we bring you the latest news, exclusive information about our models, as well as useful tips and tricks to thrive in the captivating world of video chat. <\/p><p><strong>What Do You Find On Our Blog?<\/strong><\/p><ol><li><p><strong>Spotlight on Models:<\/strong> We will present captivating stories about our models, vibrant personalities who bring energy and authenticity to the industry.<\/p><\/li><li><p><strong>Professional Tips &amp; Tricks:<\/strong> Discover practical tips and strategies to optimize your performance in front of the camera. From lighting to communication techniques, we provide guides to highlight your skills.<\/p><\/li><li><p><strong><a href=\"https:\/\/adrianflorin.com\" target=\"_blank\" rel=\"noopener\">News from Industry<\/a>:<\/strong> Stay up-to-date with the latest trends in video chat and real-time information about streaming platforms.<\/p><\/li><li><p><strong>Videochat Sites Reviews:<\/strong> We analyze and evaluate various video chat sites, providing you with useful information to choose the right platform for your career.<\/p><\/li><\/ol>\t\t\t\t\t\t<\/div>\n\t\t\t\t<\/div>\n\t\t\t\t<div class=\"elementor-element elementor-element-266c296 elementor-widget elementor-widget-text-editor\" data-id=\"266c296\" data-element_type=\"widget\" data-widget_type=\"text-editor.default\">\n\t\t\t\t<div class=\"elementor-widget-container\">\n\t\t\t\t\t\t\t<p><strong>Why You Should Follow Us?<\/strong><\/p><ul><li><p><a href=\"https:\/\/modeldechat.ro\" target=\"_blank\" rel=\"noopener\"><strong>Exclusive Informations:<\/strong><\/a>\u00a0Access exclusive information about the industry and our models.<\/p><\/li><li><p><a href=\"https:\/\/tipsbattle.com\" target=\"_blank\" rel=\"noopener\"><strong>Professional Growth:<\/strong><\/a>\u00a0Discover tools and resources to develop your career in video chat.<\/p><\/li><li><p><strong><a href=\"https:\/\/flirtbabes.ro\/devino-model-flirt-babes\/\" target=\"_blank\" rel=\"noopener\">Community<\/a>:<\/strong>\u00a0Join our community and interact with models and our readers in the comments.<\/p><\/li><\/ul><p><strong>How Can You Contribute?<\/strong><\/p><p>If you're a model in the industry and have a story to share or valuable advice, we're always open to listening! Send us a message and be part of our contribution to the community.<\/p><p>Explore, learn, and connect with the fascinating world of video chat through our blog. We're excited to embark on this journey together with you!<\/p>\t\t\t\t\t\t<\/div>\n\t\t\t\t<\/div>\n\t\t\t\t\t<\/div>\n\t\t\t\t<\/div>\n\t\t\t\t<section class=\"elementor-section elementor-top-section elementor-element elementor-element-7495211 elementor-section-boxed elementor-section-height-default elementor-section-height-default\" data-id=\"7495211\" data-element_type=\"section\" data-settings=\"{&quot;jet_parallax_layout_list&quot;:[{&quot;jet_parallax_layout_image&quot;:{&quot;url&quot;:&quot;&quot;,&quot;id&quot;:&quot;&quot;,&quot;size&quot;:&quot;&quot;},&quot;_id&quot;:&quot;ac61e3a&quot;,&quot;jet_parallax_layout_speed&quot;:{&quot;unit&quot;:&quot;%&quot;,&quot;size&quot;:&quot;50&quot;,&quot;sizes&quot;:[]},&quot;jet_parallax_layout_bg_x&quot;:&quot;50&quot;,&quot;jet_parallax_layout_bg_y&quot;:&quot;50&quot;,&quot;jet_parallax_layout_image_tablet&quot;:{&quot;url&quot;:&quot;&quot;,&quot;id&quot;:&quot;&quot;,&quot;size&quot;:&quot;&quot;},&quot;jet_parallax_layout_image_mobile&quot;:{&quot;url&quot;:&quot;&quot;,&quot;id&quot;:&quot;&quot;,&quot;size&quot;:&quot;&quot;},&quot;jet_parallax_layout_type&quot;:&quot;scroll&quot;,&quot;jet_parallax_layout_direction&quot;:null,&quot;jet_parallax_layout_fx_direction&quot;:null,&quot;jet_parallax_layout_z_index&quot;:&quot;&quot;,&quot;jet_parallax_layout_bg_x_tablet&quot;:&quot;&quot;,&quot;jet_parallax_layout_bg_x_mobile&quot;:&quot;&quot;,&quot;jet_parallax_layout_bg_y_tablet&quot;:&quot;&quot;,&quot;jet_parallax_layout_bg_y_mobile&quot;:&quot;&quot;,&quot;jet_parallax_layout_bg_size&quot;:&quot;auto&quot;,&quot;jet_parallax_layout_bg_size_tablet&quot;:&quot;&quot;,&quot;jet_parallax_layout_bg_size_mobile&quot;:&quot;&quot;,&quot;jet_parallax_layout_animation_prop&quot;:&quot;transform&quot;,&quot;jet_parallax_layout_on&quot;:[&quot;desktop&quot;,&quot;tablet&quot;]}],&quot;background_background&quot;:&quot;classic&quot;}\">\n\t\t\t\t\t\t<div class=\"elementor-container elementor-column-gap-default\">\n\t\t\t\t\t<div class=\"elementor-column elementor-col-100 elementor-top-column elementor-element elementor-element-553cc2c\" data-id=\"553cc2c\" data-element_type=\"column\">\n\t\t\t<div class=\"elementor-widget-wrap\">\n\t\t\t\t\t\t\t<\/div>\n\t\t<\/div>\n\t\t\t\t\t<\/div>\n\t\t<\/section>\n\t\t<div class=\"elementor-element elementor-element-c7a0a64 e-con-full e-flex e-con e-parent\" data-id=\"c7a0a64\" data-element_type=\"container\" data-settings=\"{&quot;background_background&quot;:&quot;classic&quot;,&quot;jet_parallax_layout_list&quot;:[]}\">\n\t\t\t\t<div class=\"elementor-element elementor-element-5df64ab elementor-widget elementor-widget-image-carousel\" data-id=\"5df64ab\" data-element_type=\"widget\" data-settings=\"{&quot;slides_to_show&quot;:&quot;1&quot;,&quot;navigation&quot;:&quot;none&quot;,&quot;autoplay&quot;:&quot;yes&quot;,&quot;pause_on_hover&quot;:&quot;yes&quot;,&quot;pause_on_interaction&quot;:&quot;yes&quot;,&quot;autoplay_speed&quot;:5000,&quot;infinite&quot;:&quot;yes&quot;,&quot;effect&quot;:&quot;slide&quot;,&quot;speed&quot;:500}\" data-widget_type=\"image-carousel.default\">\n\t\t\t\t<div class=\"elementor-widget-container\">\n\t\t\t<style>\/*! elementor - v3.23.0 - 15-07-2024 *\/\n.elementor-widget-image-carousel .swiper,.elementor-widget-image-carousel .swiper-container{position:static}.elementor-widget-image-carousel .swiper-container .swiper-slide figure,.elementor-widget-image-carousel .swiper .swiper-slide figure{line-height:inherit}.elementor-widget-image-carousel .swiper-slide{text-align:center}.elementor-image-carousel-wrapper:not(.swiper-container-initialized):not(.swiper-initialized) .swiper-slide{max-width:calc(100% \/ var(--e-image-carousel-slides-to-show, 3))}<\/style>\t\t<div class=\"elementor-image-carousel-wrapper swiper\" dir=\"ltr\">\n\t\t\t<div class=\"elementor-image-carousel swiper-wrapper\" aria-live=\"off\">\n\t\t\t\t\t\t\t\t<div class=\"swiper-slide\" role=\"group\" aria-roledescription=\"slide\" aria-label=\"1 of 5\"><figure class=\"swiper-slide-inner\"><img decoding=\"async\" class=\"swiper-slide-image\" src=\"https:\/\/lcmcenter.ro\/wp-content\/uploads\/elementor\/thumbs\/Gallery-1-scaled-qfjqtqal90y69bpmphfx0ng3qprekz1f1125hb7le8.jpg\" alt=\"Gallery 1\" \/><\/figure><\/div><div class=\"swiper-slide\" role=\"group\" aria-roledescription=\"slide\" aria-label=\"2 of 5\"><figure class=\"swiper-slide-inner\"><img decoding=\"async\" class=\"swiper-slide-image\" src=\"https:\/\/lcmcenter.ro\/wp-content\/uploads\/elementor\/thumbs\/Gallery-2-qfjquhjwr7zhm0m1ab83iykgyw11s71msrz8ec36ds.png\" alt=\"Gallery 2\" \/><\/figure><\/div><div class=\"swiper-slide\" role=\"group\" aria-roledescription=\"slide\" aria-label=\"3 of 5\"><figure class=\"swiper-slide-inner\"><img decoding=\"async\" class=\"swiper-slide-image\" src=\"https:\/\/lcmcenter.ro\/wp-content\/uploads\/elementor\/thumbs\/Gallery-3-qfjqv5zpowwxzvmjblsebsegewolcbqnk4xuvj2xw0.png\" alt=\"Gallery 3\" \/><\/figure><\/div><div class=\"swiper-slide\" role=\"group\" aria-roledescription=\"slide\" aria-label=\"4 of 5\"><figure class=\"swiper-slide-inner\"><img decoding=\"async\" class=\"swiper-slide-image\" src=\"https:\/\/lcmcenter.ro\/wp-content\/uploads\/elementor\/thumbs\/Gallery-4-1-scaled-qfjqwjt5r4t537m68pbmhxtvwbv1oa8fezilb712q8.jpg\" alt=\"Gallery 4\" \/><\/figure><\/div><div class=\"swiper-slide\" role=\"group\" aria-roledescription=\"slide\" aria-label=\"5 of 5\"><figure class=\"swiper-slide-inner\"><img decoding=\"async\" class=\"swiper-slide-image\" src=\"https:\/\/lcmcenter.ro\/wp-content\/uploads\/elementor\/thumbs\/Gallery-5-scaled-qfjqxhncl63gp690r3y6zpaha789ddyrjn02l5mwi8.jpg\" alt=\"Gallery 5\" \/><\/figure><\/div>\t\t\t<\/div>\n\t\t\t\t\t\t\t\n\t\t\t\t\t\t\t\t\t<\/div>\n\t\t\t\t<\/div>\n\t\t\t\t<\/div>\n\t\t\t\t<\/div>\n\t\t\t\t<\/div>","protected":false},"excerpt":{"rendered":"<p>BLOG Suntem \u00eenc\u00e2nta\u021bi s\u0103 v\u0103 primim pe blogul nostru, spa\u021biul virtual unde v\u0103 aducem cele mai recente \u0219tiri, informa\u021bii exclusive despre modelele noastre, precum \u0219i tips&amp;tricks utile pentru a prospera \u00een lumea captivant\u0103 a videochat-ului. Ce G\u0103se\u0219ti Pe Blogul Nostru? Spotlight pe Modele: Vom prezenta pove\u0219ti captivante despre modelele noastre, personalit\u0103\u021bi vibrante care aduc energie [&hellip;]<\/p>","protected":false},"author":2,"featured_media":0,"parent":0,"menu_order":0,"comment_status":"closed","ping_status":"closed","template":"full-width.php","meta":{"footnotes":""},"class_list":["post-62","page","type-page","status-publish","hentry"],"yoast_head":"<!-- This site is optimized with the Yoast SEO plugin v24.6 - https:\/\/yoast.com\/wordpress\/plugins\/seo\/ -->\n<title>Blog videochat<\/title>\n<meta name=\"description\" content=\"Blog! Afl\u0103 totul despre noutatile si via\u021ba unui model videochat din blogul LCM CENTER. Articole cu si despre videochat online.\" \/>\n<meta name=\"robots\" content=\"index, follow, max-snippet:-1, max-image-preview:large, max-video-preview:-1\" \/>\n<link rel=\"canonical\" href=\"https:\/\/lcmcenter.ro\/en\/blog\/\" \/>\n<meta property=\"og:locale\" content=\"en_US\" \/>\n<meta property=\"og:type\" content=\"article\" \/>\n<meta property=\"og:title\" content=\"Blog videochat\" \/>\n<meta property=\"og:description\" content=\"Blog! Afl\u0103 totul despre noutatile si via\u021ba unui model videochat din blogul LCM CENTER. Articole cu si despre videochat online.\" \/>\n<meta property=\"og:url\" content=\"https:\/\/lcmcenter.ro\/en\/blog\/\" \/>\n<meta property=\"og:site_name\" content=\"LCM Center\" \/>\n<meta property=\"article:publisher\" content=\"https:\/\/www.facebook.com\/LCMCenter\/\" \/>\n<meta property=\"article:modified_time\" content=\"2024-07-22T13:39:21+00:00\" \/>\n<meta property=\"og:image\" content=\"https:\/\/lcmcenter.ro\/wp-content\/uploads\/2024\/05\/Despre-Fetisuri-1024x683.jpg\" \/>\n<meta name=\"twitter:card\" content=\"summary_large_image\" \/>\n<meta name=\"twitter:site\" content=\"@lcm_center\" \/>\n<meta name=\"twitter:label1\" content=\"Est. reading time\" \/>\n\t<meta name=\"twitter:data1\" content=\"5 minutes\" \/>\n<script type=\"application\/ld+json\" class=\"yoast-schema-graph\">{\"@context\":\"https:\/\/schema.org\",\"@graph\":[{\"@type\":\"WebPage\",\"@id\":\"https:\/\/lcmcenter.ro\/blog\/\",\"url\":\"https:\/\/lcmcenter.ro\/blog\/\",\"name\":\"Blog videochat\",\"isPartOf\":{\"@id\":\"https:\/\/lcmcenter.ro\/#website\"},\"primaryImageOfPage\":{\"@id\":\"https:\/\/lcmcenter.ro\/blog\/#primaryimage\"},\"image\":{\"@id\":\"https:\/\/lcmcenter.ro\/blog\/#primaryimage\"},\"thumbnailUrl\":\"https:\/\/lcmcenter.ro\/wp-content\/uploads\/2024\/05\/Despre-Fetisuri-1024x683.jpg\",\"datePublished\":\"2018-09-25T17:12:02+00:00\",\"dateModified\":\"2024-07-22T13:39:21+00:00\",\"description\":\"Blog! Afl\u0103 totul despre noutatile si via\u021ba unui model videochat din blogul LCM CENTER. Articole cu si despre videochat online.\",\"breadcrumb\":{\"@id\":\"https:\/\/lcmcenter.ro\/blog\/#breadcrumb\"},\"inLanguage\":\"en-US\",\"potentialAction\":[{\"@type\":\"ReadAction\",\"target\":[\"https:\/\/lcmcenter.ro\/blog\/\"]}]},{\"@type\":\"ImageObject\",\"inLanguage\":\"en-US\",\"@id\":\"https:\/\/lcmcenter.ro\/blog\/#primaryimage\",\"url\":\"https:\/\/lcmcenter.ro\/wp-content\/uploads\/2024\/05\/Despre-Fetisuri-1024x683.jpg\",\"contentUrl\":\"https:\/\/lcmcenter.ro\/wp-content\/uploads\/2024\/05\/Despre-Fetisuri-1024x683.jpg\"},{\"@type\":\"BreadcrumbList\",\"@id\":\"https:\/\/lcmcenter.ro\/blog\/#breadcrumb\",\"itemListElement\":[{\"@type\":\"ListItem\",\"position\":1,\"name\":\"Home\",\"item\":\"https:\/\/lcmcenter.ro\/\"},{\"@type\":\"ListItem\",\"position\":2,\"name\":\"Blog\"}]},{\"@type\":\"WebSite\",\"@id\":\"https:\/\/lcmcenter.ro\/#website\",\"url\":\"https:\/\/lcmcenter.ro\/\",\"name\":\"LCM Center\",\"description\":\"Agen\u021bie de Modele\",\"publisher\":{\"@id\":\"https:\/\/lcmcenter.ro\/#organization\"},\"potentialAction\":[{\"@type\":\"SearchAction\",\"target\":{\"@type\":\"EntryPoint\",\"urlTemplate\":\"https:\/\/lcmcenter.ro\/?s={search_term_string}\"},\"query-input\":{\"@type\":\"PropertyValueSpecification\",\"valueRequired\":true,\"valueName\":\"search_term_string\"}}],\"inLanguage\":\"en-US\"},{\"@type\":\"Organization\",\"@id\":\"https:\/\/lcmcenter.ro\/#organization\",\"name\":\"LCM CENTER\",\"url\":\"https:\/\/lcmcenter.ro\/\",\"logo\":{\"@type\":\"ImageObject\",\"inLanguage\":\"en-US\",\"@id\":\"https:\/\/lcmcenter.ro\/#\/schema\/logo\/image\/\",\"url\":\"https:\/\/lcmcenter.ro\/wp-content\/uploads\/2022\/02\/cropped-logo-512.png\",\"contentUrl\":\"https:\/\/lcmcenter.ro\/wp-content\/uploads\/2022\/02\/cropped-logo-512.png\",\"width\":512,\"height\":512,\"caption\":\"LCM CENTER\"},\"image\":{\"@id\":\"https:\/\/lcmcenter.ro\/#\/schema\/logo\/image\/\"},\"sameAs\":[\"https:\/\/www.facebook.com\/LCMCenter\/\",\"https:\/\/x.com\/lcm_center\",\"https:\/\/www.instagram.com\/lcmcenter.ro\/\",\"https:\/\/www.tiktok.com\/@lcmcenter\"]}]}<\/script>\n<!-- \/ Yoast SEO plugin. -->","yoast_head_json":{"title":"Blog videochat","description":"Blog! Afl\u0103 totul despre noutatile si via\u021ba unui model videochat din blogul LCM CENTER. Articole cu si despre videochat online.","robots":{"index":"index","follow":"follow","max-snippet":"max-snippet:-1","max-image-preview":"max-image-preview:large","max-video-preview":"max-video-preview:-1"},"canonical":"https:\/\/lcmcenter.ro\/en\/blog\/","og_locale":"en_US","og_type":"article","og_title":"Blog videochat","og_description":"Blog! Afl\u0103 totul despre noutatile si via\u021ba unui model videochat din blogul LCM CENTER. Articole cu si despre videochat online.","og_url":"https:\/\/lcmcenter.ro\/en\/blog\/","og_site_name":"LCM Center","article_publisher":"https:\/\/www.facebook.com\/LCMCenter\/","article_modified_time":"2024-07-22T13:39:21+00:00","og_image":[{"url":"https:\/\/lcmcenter.ro\/wp-content\/uploads\/2024\/05\/Despre-Fetisuri-1024x683.jpg","type":"","width":"","height":""}],"twitter_card":"summary_large_image","twitter_site":"@lcm_center","twitter_misc":{"Est. reading time":"5 minutes"},"schema":{"@context":"https:\/\/schema.org","@graph":[{"@type":"WebPage","@id":"https:\/\/lcmcenter.ro\/blog\/","url":"https:\/\/lcmcenter.ro\/blog\/","name":"Blog videochat","isPartOf":{"@id":"https:\/\/lcmcenter.ro\/#website"},"primaryImageOfPage":{"@id":"https:\/\/lcmcenter.ro\/blog\/#primaryimage"},"image":{"@id":"https:\/\/lcmcenter.ro\/blog\/#primaryimage"},"thumbnailUrl":"https:\/\/lcmcenter.ro\/wp-content\/uploads\/2024\/05\/Despre-Fetisuri-1024x683.jpg","datePublished":"2018-09-25T17:12:02+00:00","dateModified":"2024-07-22T13:39:21+00:00","description":"Blog! Afl\u0103 totul despre noutatile si via\u021ba unui model videochat din blogul LCM CENTER. Articole cu si despre videochat online.","breadcrumb":{"@id":"https:\/\/lcmcenter.ro\/blog\/#breadcrumb"},"inLanguage":"en-US","potentialAction":[{"@type":"ReadAction","target":["https:\/\/lcmcenter.ro\/blog\/"]}]},{"@type":"ImageObject","inLanguage":"en-US","@id":"https:\/\/lcmcenter.ro\/blog\/#primaryimage","url":"https:\/\/lcmcenter.ro\/wp-content\/uploads\/2024\/05\/Despre-Fetisuri-1024x683.jpg","contentUrl":"https:\/\/lcmcenter.ro\/wp-content\/uploads\/2024\/05\/Despre-Fetisuri-1024x683.jpg"},{"@type":"BreadcrumbList","@id":"https:\/\/lcmcenter.ro\/blog\/#breadcrumb","itemListElement":[{"@type":"ListItem","position":1,"name":"Home","item":"https:\/\/lcmcenter.ro\/"},{"@type":"ListItem","position":2,"name":"Blog"}]},{"@type":"WebSite","@id":"https:\/\/lcmcenter.ro\/#website","url":"https:\/\/lcmcenter.ro\/","name":"LCM Center","description":"Agen\u021bie de Modele","publisher":{"@id":"https:\/\/lcmcenter.ro\/#organization"},"potentialAction":[{"@type":"SearchAction","target":{"@type":"EntryPoint","urlTemplate":"https:\/\/lcmcenter.ro\/?s={search_term_string}"},"query-input":{"@type":"PropertyValueSpecification","valueRequired":true,"valueName":"search_term_string"}}],"inLanguage":"en-US"},{"@type":"Organization","@id":"https:\/\/lcmcenter.ro\/#organization","name":"LCM CENTER","url":"https:\/\/lcmcenter.ro\/","logo":{"@type":"ImageObject","inLanguage":"en-US","@id":"https:\/\/lcmcenter.ro\/#\/schema\/logo\/image\/","url":"https:\/\/lcmcenter.ro\/wp-content\/uploads\/2022\/02\/cropped-logo-512.png","contentUrl":"https:\/\/lcmcenter.ro\/wp-content\/uploads\/2022\/02\/cropped-logo-512.png","width":512,"height":512,"caption":"LCM CENTER"},"image":{"@id":"https:\/\/lcmcenter.ro\/#\/schema\/logo\/image\/"},"sameAs":["https:\/\/www.facebook.com\/LCMCenter\/","https:\/\/x.com\/lcm_center","https:\/\/www.instagram.com\/lcmcenter.ro\/","https:\/\/www.tiktok.com\/@lcmcenter"]}]}},"_links":{"self":[{"href":"https:\/\/lcmcenter.ro\/en\/wp-json\/wp\/v2\/pages\/62","targetHints":{"allow":["GET"]}}],"collection":[{"href":"https:\/\/lcmcenter.ro\/en\/wp-json\/wp\/v2\/pages"}],"about":[{"href":"https:\/\/lcmcenter.ro\/en\/wp-json\/wp\/v2\/types\/page"}],"author":[{"embeddable":true,"href":"https:\/\/lcmcenter.ro\/en\/wp-json\/wp\/v2\/users\/2"}],"replies":[{"embeddable":true,"href":"https:\/\/lcmcenter.ro\/en\/wp-json\/wp\/v2\/comments?post=62"}],"version-history":[{"count":103,"href":"https:\/\/lcmcenter.ro\/en\/wp-json\/wp\/v2\/pages\/62\/revisions"}],"predecessor-version":[{"id":5326,"href":"https:\/\/lcmcenter.ro\/en\/wp-json\/wp\/v2\/pages\/62\/revisions\/5326"}],"wp:attachment":[{"href":"https:\/\/lcmcenter.ro\/en\/wp-json\/wp\/v2\/media?parent=62"}],"curies":[{"name":"wp","href":"https:\/\/api.w.org\/{rel}","templated":true}]}}