{"id":1536,"date":"2022-03-01T22:46:21","date_gmt":"2022-03-01T22:46:21","guid":{"rendered":"https:\/\/lcmcenter.ro\/?page_id=1536"},"modified":"2024-03-17T11:24:23","modified_gmt":"2024-03-17T09:24:23","slug":"aplica-acum","status":"publish","type":"page","link":"https:\/\/lcmcenter.ro\/en\/aplica-acum\/","title":{"rendered":"Apply Now"},"content":{"rendered":"<div data-elementor-type=\"wp-post\" data-elementor-id=\"1536\" class=\"elementor elementor-1536\">\n\t\t\t\t\t\t<section class=\"elementor-section elementor-top-section elementor-element elementor-element-63177ca elementor-section-full_width elementor-section-height-min-height elementor-section-height-default elementor-section-items-middle\" data-id=\"63177ca\" data-element_type=\"section\" data-settings=\"{&quot;jet_parallax_layout_list&quot;:[{&quot;jet_parallax_layout_image&quot;:{&quot;url&quot;:&quot;&quot;,&quot;id&quot;:&quot;&quot;,&quot;size&quot;:&quot;&quot;},&quot;_id&quot;:&quot;cd92c09&quot;,&quot;jet_parallax_layout_speed&quot;:{&quot;unit&quot;:&quot;%&quot;,&quot;size&quot;:&quot;50&quot;,&quot;sizes&quot;:[]},&quot;jet_parallax_layout_bg_x&quot;:&quot;50&quot;,&quot;jet_parallax_layout_bg_y&quot;:&quot;50&quot;,&quot;jet_parallax_layout_image_tablet&quot;:{&quot;url&quot;:&quot;&quot;,&quot;id&quot;:&quot;&quot;,&quot;size&quot;:&quot;&quot;},&quot;jet_parallax_layout_image_mobile&quot;:{&quot;url&quot;:&quot;&quot;,&quot;id&quot;:&quot;&quot;,&quot;size&quot;:&quot;&quot;},&quot;jet_parallax_layout_type&quot;:&quot;scroll&quot;,&quot;jet_parallax_layout_direction&quot;:null,&quot;jet_parallax_layout_fx_direction&quot;:null,&quot;jet_parallax_layout_z_index&quot;:&quot;&quot;,&quot;jet_parallax_layout_bg_x_tablet&quot;:&quot;&quot;,&quot;jet_parallax_layout_bg_x_mobile&quot;:&quot;&quot;,&quot;jet_parallax_layout_bg_y_tablet&quot;:&quot;&quot;,&quot;jet_parallax_layout_bg_y_mobile&quot;:&quot;&quot;,&quot;jet_parallax_layout_bg_size&quot;:&quot;auto&quot;,&quot;jet_parallax_layout_bg_size_tablet&quot;:&quot;&quot;,&quot;jet_parallax_layout_bg_size_mobile&quot;:&quot;&quot;,&quot;jet_parallax_layout_animation_prop&quot;:&quot;transform&quot;,&quot;jet_parallax_layout_on&quot;:[&quot;desktop&quot;,&quot;tablet&quot;]}],&quot;background_background&quot;:&quot;classic&quot;}\">\n\t\t\t\t\t\t<div class=\"elementor-container elementor-column-gap-default\">\n\t\t\t\t\t<div class=\"elementor-column elementor-col-100 elementor-top-column elementor-element elementor-element-41aa9ef\" data-id=\"41aa9ef\" data-element_type=\"column\">\n\t\t\t<div class=\"elementor-widget-wrap\">\n\t\t\t\t\t\t\t<\/div>\n\t\t<\/div>\n\t\t\t\t\t<\/div>\n\t\t<\/section>\n\t\t\t\t<section class=\"elementor-section elementor-top-section elementor-element elementor-element-b20f53d elementor-section-boxed elementor-section-height-default elementor-section-height-default\" data-id=\"b20f53d\" data-element_type=\"section\" data-settings=\"{&quot;jet_parallax_layout_list&quot;:[{&quot;jet_parallax_layout_image&quot;:{&quot;url&quot;:&quot;&quot;,&quot;id&quot;:&quot;&quot;,&quot;size&quot;:&quot;&quot;},&quot;_id&quot;:&quot;e51ac50&quot;,&quot;jet_parallax_layout_speed&quot;:{&quot;unit&quot;:&quot;%&quot;,&quot;size&quot;:&quot;50&quot;,&quot;sizes&quot;:[]},&quot;jet_parallax_layout_bg_x&quot;:&quot;50&quot;,&quot;jet_parallax_layout_bg_y&quot;:&quot;50&quot;,&quot;jet_parallax_layout_image_tablet&quot;:{&quot;url&quot;:&quot;&quot;,&quot;id&quot;:&quot;&quot;,&quot;size&quot;:&quot;&quot;},&quot;jet_parallax_layout_image_mobile&quot;:{&quot;url&quot;:&quot;&quot;,&quot;id&quot;:&quot;&quot;,&quot;size&quot;:&quot;&quot;},&quot;jet_parallax_layout_type&quot;:&quot;scroll&quot;,&quot;jet_parallax_layout_direction&quot;:null,&quot;jet_parallax_layout_fx_direction&quot;:null,&quot;jet_parallax_layout_z_index&quot;:&quot;&quot;,&quot;jet_parallax_layout_bg_x_tablet&quot;:&quot;&quot;,&quot;jet_parallax_layout_bg_x_mobile&quot;:&quot;&quot;,&quot;jet_parallax_layout_bg_y_tablet&quot;:&quot;&quot;,&quot;jet_parallax_layout_bg_y_mobile&quot;:&quot;&quot;,&quot;jet_parallax_layout_bg_size&quot;:&quot;auto&quot;,&quot;jet_parallax_layout_bg_size_tablet&quot;:&quot;&quot;,&quot;jet_parallax_layout_bg_size_mobile&quot;:&quot;&quot;,&quot;jet_parallax_layout_animation_prop&quot;:&quot;transform&quot;,&quot;jet_parallax_layout_on&quot;:[&quot;desktop&quot;,&quot;tablet&quot;]}],&quot;background_background&quot;:&quot;classic&quot;}\">\n\t\t\t\t\t\t<div class=\"elementor-container elementor-column-gap-default\">\n\t\t\t\t\t<div class=\"elementor-column elementor-col-100 elementor-top-column elementor-element elementor-element-aecb5c8\" data-id=\"aecb5c8\" data-element_type=\"column\">\n\t\t\t<div class=\"elementor-widget-wrap elementor-element-populated\">\n\t\t\t\t\t\t<div class=\"elementor-element elementor-element-56bf91f elementor-widget elementor-widget-heading\" data-id=\"56bf91f\" data-element_type=\"widget\" data-widget_type=\"heading.default\">\n\t\t\t\t<div class=\"elementor-widget-container\">\n\t\t\t<style>\/*! elementor - v3.23.0 - 15-07-2024 *\/\n.elementor-heading-title{padding:0;margin:0;line-height:1}.elementor-widget-heading .elementor-heading-title[class*=elementor-size-]>a{color:inherit;font-size:inherit;line-height:inherit}.elementor-widget-heading .elementor-heading-title.elementor-size-small{font-size:15px}.elementor-widget-heading .elementor-heading-title.elementor-size-medium{font-size:19px}.elementor-widget-heading .elementor-heading-title.elementor-size-large{font-size:29px}.elementor-widget-heading .elementor-heading-title.elementor-size-xl{font-size:39px}.elementor-widget-heading .elementor-heading-title.elementor-size-xxl{font-size:59px}<\/style><h1 class=\"elementor-heading-title elementor-size-default\">APLIC\u0102 ACUM<\/h1>\t\t<\/div>\n\t\t\t\t<\/div>\n\t\t\t\t<div class=\"elementor-element elementor-element-ab7ec73 elementor-widget elementor-widget-text-editor\" data-id=\"ab7ec73\" data-element_type=\"widget\" data-widget_type=\"text-editor.default\">\n\t\t\t\t<div class=\"elementor-widget-container\">\n\t\t\t<style>\/*! elementor - v3.23.0 - 15-07-2024 *\/\n.elementor-widget-text-editor.elementor-drop-cap-view-stacked .elementor-drop-cap{background-color:#69727d;color:#fff}.elementor-widget-text-editor.elementor-drop-cap-view-framed .elementor-drop-cap{color:#69727d;border:3px solid;background-color:transparent}.elementor-widget-text-editor:not(.elementor-drop-cap-view-default) .elementor-drop-cap{margin-top:8px}.elementor-widget-text-editor:not(.elementor-drop-cap-view-default) .elementor-drop-cap-letter{width:1em;height:1em}.elementor-widget-text-editor .elementor-drop-cap{float:left;text-align:center;line-height:1;font-size:50px}.elementor-widget-text-editor .elementor-drop-cap-letter{display:inline-block}<\/style>\t\t\t\t<p><strong>Descoper\u0103 Lumea Fascinant\u0103 a Videochat-ului cu <a href=\"https:\/\/lcmcenter.ro\" target=\"_blank\" rel=\"noopener\">LCM CENTER!<\/a><\/strong><\/p><p>E\u0219ti \u00een c\u0103utarea unei cariere captivante \u0219i remuneratoare \u00een industria entertainmentului pentru adul\u021bi? <a href=\"https:\/\/modeldechat.ro\" target=\"_blank\" rel=\"noopener\">Agen\u021bia noastr\u0103<\/a> \u00ee\u021bi deschide u\u0219ile c\u0103tre lumea provocatoare a videochat-ului!<\/p><p>De ce s\u0103 alegi LCM CENTER pentru cariera ta \u00een videochat?<\/p><ul><li><strong>C\u00e2\u0219tiguri Atractive:<\/strong> Oferim pl\u0103\u021bi competitive \u0219i bonusuri pentru modelele noastre talentate.<\/li><li><strong>Confiden\u021bialitate \u0219i Siguran\u021b\u0103: <\/strong>Confiden\u021bialitatea ta este prioritatea noastr\u0103. Asigur\u0103m un mediu sigur \u0219i securizat pentru toate modelele noastre.<\/li><li><strong>Professional Support:<\/strong> Echipa noastr\u0103 de exper\u021bi \u00een videochat te va ghida \u0219i sus\u021bine pe tot parcursul carierei tale.<\/li><li><strong>Flexibilitate:<\/strong> Alege-\u021bi propriul program \u0219i lucreaz\u0103 din Studiou sau din confortul casei tale.<\/li><\/ul><p>Cum po\u021bi deveni parte din familia <a href=\"https:\/\/adrianflorin.com\" target=\"_blank\" rel=\"noopener\">LCM CENTER<\/a>?<\/p><p>\u00censcrierea este rapid\u0103 \u0219i simpl\u0103! Completeaz\u0103 formularul nostru de aplicare online \u0219i preg\u0103te\u0219te-te s\u0103 explorezi o lume plin\u0103 de posibilit\u0103\u021bi.<\/p><p>Descoper\u0103 experien\u021ba unic\u0103 pe care o ofer\u0103 videochat-ul cu <a href=\"https:\/\/www.studiotimisoara.ro\/devino-model-de-videochat\/\" target=\"_blank\" rel=\"noopener\">LCM CENTER<\/a>. Fii st\u0103p\u00e2na propriei tale destine \u0219i \u00eencepe o carier\u0103 plin\u0103 de satisfac\u021bii financiare \u0219i personale!<\/p><p>A\u0219tept\u0103m cu ner\u0103bdare s\u0103 te avem \u00een echipa noastr\u0103!<\/p>\t\t\t\t\t\t<\/div>\n\t\t\t\t<\/div>\n\t\t\t\t<div class=\"elementor-element elementor-element-6b6d9f9 elementor-widget elementor-widget-heading\" data-id=\"6b6d9f9\" data-element_type=\"widget\" data-widget_type=\"heading.default\">\n\t\t\t\t<div class=\"elementor-widget-container\">\n\t\t\t<h2 class=\"elementor-heading-title elementor-size-default\">FORMULAR APLIC\u0102<\/h2>\t\t<\/div>\n\t\t\t\t<\/div>\n\t\t\t\t\t<\/div>\n\t\t<\/div>\n\t\t\t\t\t<\/div>\n\t\t<\/section>\n\t\t\t\t<\/div>","protected":false},"excerpt":{"rendered":"<p>APLIC\u0102 ACUM Descoper\u0103 Lumea Fascinant\u0103 a Videochat-ului cu LCM CENTER! E\u0219ti \u00een c\u0103utarea unei cariere captivante \u0219i remuneratoare \u00een industria entertainmentului pentru adul\u021bi? Agen\u021bia noastr\u0103 \u00ee\u021bi deschide u\u0219ile c\u0103tre lumea provocatoare a videochat-ului! De ce s\u0103 alegi LCM CENTER pentru cariera ta \u00een videochat? C\u00e2\u0219tiguri Atractive: Oferim pl\u0103\u021bi competitive \u0219i bonusuri pentru modelele noastre talentate. [&hellip;]<\/p>","protected":false},"author":2,"featured_media":4258,"parent":0,"menu_order":0,"comment_status":"open","ping_status":"open","template":"elementor_header_footer","meta":{"footnotes":""},"class_list":["post-1536","page","type-page","status-publish","has-post-thumbnail","hentry"],"yoast_head":"<!-- This site is optimized with the Yoast SEO plugin v24.6 - https:\/\/yoast.com\/wordpress\/plugins\/seo\/ -->\n<title>Aplic\u0103 acum<\/title>\n<meta name=\"description\" content=\"Aplic\u0103 acum! E\u0219ti \u00een c\u0103utarea unei cariere captivante \u0219i remuneratoare \u00een industria entertainmentului pentru adul\u021bi? Te a\u0219tept\u0103m la noi!\" \/>\n<meta name=\"robots\" content=\"index, follow, max-snippet:-1, max-image-preview:large, max-video-preview:-1\" \/>\n<link rel=\"canonical\" href=\"https:\/\/lcmcenter.ro\/en\/aplica-acum\/\" \/>\n<meta property=\"og:locale\" content=\"en_US\" \/>\n<meta property=\"og:type\" content=\"article\" \/>\n<meta property=\"og:title\" content=\"Aplic\u0103 acum\" \/>\n<meta property=\"og:description\" content=\"Aplic\u0103 acum! E\u0219ti \u00een c\u0103utarea unei cariere captivante \u0219i remuneratoare \u00een industria entertainmentului pentru adul\u021bi? Te a\u0219tept\u0103m la noi!\" \/>\n<meta property=\"og:url\" content=\"https:\/\/lcmcenter.ro\/en\/aplica-acum\/\" \/>\n<meta property=\"og:site_name\" content=\"LCM Center\" \/>\n<meta property=\"article:publisher\" content=\"https:\/\/www.facebook.com\/LCMCenter\/\" \/>\n<meta property=\"article:modified_time\" content=\"2024-03-17T09:24:23+00:00\" \/>\n<meta property=\"og:image\" content=\"https:\/\/lcmcenter.ro\/wp-content\/uploads\/2023\/11\/Aplica-scaled.jpg\" \/>\n\t<meta property=\"og:image:width\" content=\"2560\" \/>\n\t<meta property=\"og:image:height\" content=\"1707\" \/>\n\t<meta property=\"og:image:type\" content=\"image\/jpeg\" \/>\n<meta name=\"twitter:card\" content=\"summary_large_image\" \/>\n<meta name=\"twitter:site\" content=\"@lcm_center\" \/>\n<meta name=\"twitter:label1\" content=\"Est. reading time\" \/>\n\t<meta name=\"twitter:data1\" content=\"2 minutes\" \/>\n<script type=\"application\/ld+json\" class=\"yoast-schema-graph\">{\"@context\":\"https:\/\/schema.org\",\"@graph\":[{\"@type\":\"WebPage\",\"@id\":\"https:\/\/lcmcenter.ro\/aplica-acum\/\",\"url\":\"https:\/\/lcmcenter.ro\/aplica-acum\/\",\"name\":\"Aplic\u0103 acum\",\"isPartOf\":{\"@id\":\"https:\/\/lcmcenter.ro\/#website\"},\"primaryImageOfPage\":{\"@id\":\"https:\/\/lcmcenter.ro\/aplica-acum\/#primaryimage\"},\"image\":{\"@id\":\"https:\/\/lcmcenter.ro\/aplica-acum\/#primaryimage\"},\"thumbnailUrl\":\"https:\/\/lcmcenter.ro\/wp-content\/uploads\/2023\/11\/Aplica-scaled.jpg\",\"datePublished\":\"2022-03-01T22:46:21+00:00\",\"dateModified\":\"2024-03-17T09:24:23+00:00\",\"description\":\"Aplic\u0103 acum! E\u0219ti \u00een c\u0103utarea unei cariere captivante \u0219i remuneratoare \u00een industria entertainmentului pentru adul\u021bi? Te a\u0219tept\u0103m la noi!\",\"breadcrumb\":{\"@id\":\"https:\/\/lcmcenter.ro\/aplica-acum\/#breadcrumb\"},\"inLanguage\":\"en-US\",\"potentialAction\":[{\"@type\":\"ReadAction\",\"target\":[\"https:\/\/lcmcenter.ro\/aplica-acum\/\"]}]},{\"@type\":\"ImageObject\",\"inLanguage\":\"en-US\",\"@id\":\"https:\/\/lcmcenter.ro\/aplica-acum\/#primaryimage\",\"url\":\"https:\/\/lcmcenter.ro\/wp-content\/uploads\/2023\/11\/Aplica-scaled.jpg\",\"contentUrl\":\"https:\/\/lcmcenter.ro\/wp-content\/uploads\/2023\/11\/Aplica-scaled.jpg\",\"width\":2560,\"height\":1707,\"caption\":\"Aplica\"},{\"@type\":\"BreadcrumbList\",\"@id\":\"https:\/\/lcmcenter.ro\/aplica-acum\/#breadcrumb\",\"itemListElement\":[{\"@type\":\"ListItem\",\"position\":1,\"name\":\"Home\",\"item\":\"https:\/\/lcmcenter.ro\/\"},{\"@type\":\"ListItem\",\"position\":2,\"name\":\"Aplic\u0103 acum\"}]},{\"@type\":\"WebSite\",\"@id\":\"https:\/\/lcmcenter.ro\/#website\",\"url\":\"https:\/\/lcmcenter.ro\/\",\"name\":\"LCM Center\",\"description\":\"Agen\u021bie de Modele\",\"publisher\":{\"@id\":\"https:\/\/lcmcenter.ro\/#organization\"},\"potentialAction\":[{\"@type\":\"SearchAction\",\"target\":{\"@type\":\"EntryPoint\",\"urlTemplate\":\"https:\/\/lcmcenter.ro\/?s={search_term_string}\"},\"query-input\":{\"@type\":\"PropertyValueSpecification\",\"valueRequired\":true,\"valueName\":\"search_term_string\"}}],\"inLanguage\":\"en-US\"},{\"@type\":\"Organization\",\"@id\":\"https:\/\/lcmcenter.ro\/#organization\",\"name\":\"LCM CENTER\",\"url\":\"https:\/\/lcmcenter.ro\/\",\"logo\":{\"@type\":\"ImageObject\",\"inLanguage\":\"en-US\",\"@id\":\"https:\/\/lcmcenter.ro\/#\/schema\/logo\/image\/\",\"url\":\"https:\/\/lcmcenter.ro\/wp-content\/uploads\/2022\/02\/cropped-logo-512.png\",\"contentUrl\":\"https:\/\/lcmcenter.ro\/wp-content\/uploads\/2022\/02\/cropped-logo-512.png\",\"width\":512,\"height\":512,\"caption\":\"LCM CENTER\"},\"image\":{\"@id\":\"https:\/\/lcmcenter.ro\/#\/schema\/logo\/image\/\"},\"sameAs\":[\"https:\/\/www.facebook.com\/LCMCenter\/\",\"https:\/\/x.com\/lcm_center\",\"https:\/\/www.instagram.com\/lcmcenter.ro\/\",\"https:\/\/www.tiktok.com\/@lcmcenter\"]}]}<\/script>\n<!-- \/ Yoast SEO plugin. -->","yoast_head_json":{"title":"Aplic\u0103 acum","description":"Aplic\u0103 acum! E\u0219ti \u00een c\u0103utarea unei cariere captivante \u0219i remuneratoare \u00een industria entertainmentului pentru adul\u021bi? Te a\u0219tept\u0103m la noi!","robots":{"index":"index","follow":"follow","max-snippet":"max-snippet:-1","max-image-preview":"max-image-preview:large","max-video-preview":"max-video-preview:-1"},"canonical":"https:\/\/lcmcenter.ro\/en\/aplica-acum\/","og_locale":"en_US","og_type":"article","og_title":"Aplic\u0103 acum","og_description":"Aplic\u0103 acum! E\u0219ti \u00een c\u0103utarea unei cariere captivante \u0219i remuneratoare \u00een industria entertainmentului pentru adul\u021bi? Te a\u0219tept\u0103m la noi!","og_url":"https:\/\/lcmcenter.ro\/en\/aplica-acum\/","og_site_name":"LCM Center","article_publisher":"https:\/\/www.facebook.com\/LCMCenter\/","article_modified_time":"2024-03-17T09:24:23+00:00","og_image":[{"width":2560,"height":1707,"url":"https:\/\/lcmcenter.ro\/wp-content\/uploads\/2023\/11\/Aplica-scaled.jpg","type":"image\/jpeg"}],"twitter_card":"summary_large_image","twitter_site":"@lcm_center","twitter_misc":{"Est. reading time":"2 minutes"},"schema":{"@context":"https:\/\/schema.org","@graph":[{"@type":"WebPage","@id":"https:\/\/lcmcenter.ro\/aplica-acum\/","url":"https:\/\/lcmcenter.ro\/aplica-acum\/","name":"Aplic\u0103 acum","isPartOf":{"@id":"https:\/\/lcmcenter.ro\/#website"},"primaryImageOfPage":{"@id":"https:\/\/lcmcenter.ro\/aplica-acum\/#primaryimage"},"image":{"@id":"https:\/\/lcmcenter.ro\/aplica-acum\/#primaryimage"},"thumbnailUrl":"https:\/\/lcmcenter.ro\/wp-content\/uploads\/2023\/11\/Aplica-scaled.jpg","datePublished":"2022-03-01T22:46:21+00:00","dateModified":"2024-03-17T09:24:23+00:00","description":"Aplic\u0103 acum! E\u0219ti \u00een c\u0103utarea unei cariere captivante \u0219i remuneratoare \u00een industria entertainmentului pentru adul\u021bi? Te a\u0219tept\u0103m la noi!","breadcrumb":{"@id":"https:\/\/lcmcenter.ro\/aplica-acum\/#breadcrumb"},"inLanguage":"en-US","potentialAction":[{"@type":"ReadAction","target":["https:\/\/lcmcenter.ro\/aplica-acum\/"]}]},{"@type":"ImageObject","inLanguage":"en-US","@id":"https:\/\/lcmcenter.ro\/aplica-acum\/#primaryimage","url":"https:\/\/lcmcenter.ro\/wp-content\/uploads\/2023\/11\/Aplica-scaled.jpg","contentUrl":"https:\/\/lcmcenter.ro\/wp-content\/uploads\/2023\/11\/Aplica-scaled.jpg","width":2560,"height":1707,"caption":"Aplica"},{"@type":"BreadcrumbList","@id":"https:\/\/lcmcenter.ro\/aplica-acum\/#breadcrumb","itemListElement":[{"@type":"ListItem","position":1,"name":"Home","item":"https:\/\/lcmcenter.ro\/"},{"@type":"ListItem","position":2,"name":"Aplic\u0103 acum"}]},{"@type":"WebSite","@id":"https:\/\/lcmcenter.ro\/#website","url":"https:\/\/lcmcenter.ro\/","name":"LCM Center","description":"Agen\u021bie de Modele","publisher":{"@id":"https:\/\/lcmcenter.ro\/#organization"},"potentialAction":[{"@type":"SearchAction","target":{"@type":"EntryPoint","urlTemplate":"https:\/\/lcmcenter.ro\/?s={search_term_string}"},"query-input":{"@type":"PropertyValueSpecification","valueRequired":true,"valueName":"search_term_string"}}],"inLanguage":"en-US"},{"@type":"Organization","@id":"https:\/\/lcmcenter.ro\/#organization","name":"LCM CENTER","url":"https:\/\/lcmcenter.ro\/","logo":{"@type":"ImageObject","inLanguage":"en-US","@id":"https:\/\/lcmcenter.ro\/#\/schema\/logo\/image\/","url":"https:\/\/lcmcenter.ro\/wp-content\/uploads\/2022\/02\/cropped-logo-512.png","contentUrl":"https:\/\/lcmcenter.ro\/wp-content\/uploads\/2022\/02\/cropped-logo-512.png","width":512,"height":512,"caption":"LCM CENTER"},"image":{"@id":"https:\/\/lcmcenter.ro\/#\/schema\/logo\/image\/"},"sameAs":["https:\/\/www.facebook.com\/LCMCenter\/","https:\/\/x.com\/lcm_center","https:\/\/www.instagram.com\/lcmcenter.ro\/","https:\/\/www.tiktok.com\/@lcmcenter"]}]}},"_links":{"self":[{"href":"https:\/\/lcmcenter.ro\/en\/wp-json\/wp\/v2\/pages\/1536","targetHints":{"allow":["GET"]}}],"collection":[{"href":"https:\/\/lcmcenter.ro\/en\/wp-json\/wp\/v2\/pages"}],"about":[{"href":"https:\/\/lcmcenter.ro\/en\/wp-json\/wp\/v2\/types\/page"}],"author":[{"embeddable":true,"href":"https:\/\/lcmcenter.ro\/en\/wp-json\/wp\/v2\/users\/2"}],"replies":[{"embeddable":true,"href":"https:\/\/lcmcenter.ro\/en\/wp-json\/wp\/v2\/comments?post=1536"}],"version-history":[{"count":51,"href":"https:\/\/lcmcenter.ro\/en\/wp-json\/wp\/v2\/pages\/1536\/revisions"}],"predecessor-version":[{"id":4960,"href":"https:\/\/lcmcenter.ro\/en\/wp-json\/wp\/v2\/pages\/1536\/revisions\/4960"}],"wp:featuredmedia":[{"embeddable":true,"href":"https:\/\/lcmcenter.ro\/en\/wp-json\/wp\/v2\/media\/4258"}],"wp:attachment":[{"href":"https:\/\/lcmcenter.ro\/en\/wp-json\/wp\/v2\/media?parent=1536"}],"curies":[{"name":"wp","href":"https:\/\/api.w.org\/{rel}","templated":true}]}}